{"id":58,"date":"2019-03-14T12:59:18","date_gmt":"2019-03-14T11:59:18","guid":{"rendered":"http:\/\/nordergo.fr\/v2\/?page_id=58"},"modified":"2019-03-14T15:14:51","modified_gmt":"2019-03-14T14:14:51","slug":"les-cabinets-prestations-et-tarifs","status":"publish","type":"page","link":"http:\/\/nordergo.fr\/index.php\/les-cabinets-prestations-et-tarifs\/","title":{"rendered":"Les cabinets &#8211; Prestations et tarifs"},"content":{"rendered":"\n<h2 class=\"wp-block-heading\"><strong>Cabinet de Lille<\/strong><\/h2>\n\n\n\n<h2 class=\"wp-block-heading\"><strong>68 Rue de Wambrechies &#8211; Bat A- 59520 MARQUETTE LEZ LILLE<\/strong><\/h2>\n\n\n\n<p>D\u00e9velopp\u00e9 \u00e0 l&rsquo;initiative de notre \u00e9quipe, ce cabinet param\u00e9dical se veut accessible et \u00e0 l&rsquo;\u00e9coute de nos patients. Il se compose d&rsquo;une \u00e9quipe pluridisciplinaire = orthophoniste, ost\u00e9opathe, orthoptiste, psychologue, acupuncteur et ergoth\u00e9rapeutes. Il est facile d&rsquo;acc\u00e8s (juste \u00e0 la sortie de la Rocade Nord-Ouest et \u00e0 10 min du centre de Lille). Des parkings sont \u00e0 votre disposition.<\/p>\n<iframe loading=\"lazy\" src=\"https:\/\/www.google.com\/maps\/embed?pb=!1m18!1m12!1m3!1d2528.1933269249453!2d3.0611333154418556!3d50.67923637873465!2m3!1f0!2f0!3f0!3m2!1i1024!2i768!4f13.1!3m3!1m2!1s0x47c32bac37e39f43%3A0xb80264c9496bd514!2sNordErgo+Cabinet+d&#39;Ergoth%C3%A9rapie!5e0!3m2!1sfr!2sfr!4v1552572872519\" width=\"600\" height=\"450\" frameborder=\"0\" style=\"border:0\" allowfullscreen><\/iframe>\n\n\n\n<h3 class=\"wp-block-heading\"><strong>Cabinet d&rsquo;Armenti\u00e8res<\/strong><\/h3>\n\n\n\n<h3 class=\"wp-block-heading\"><strong>60 Rue Jules Ferry 59280 ARMENTIERES<\/strong><\/h3>\n\n\n\n<p>Le cabinet se situe \u00e0 quelques m\u00e8tres de la gare et \u00e0 5 minutes du centre ville. Ce cabinet permet des prises en charges motrices et sensorielles<\/p>\n<iframe loading=\"lazy\" src=\"https:\/\/www.google.com\/maps\/embed?pb=!1m18!1m12!1m3!1d2528.074109107648!2d2.8799713154419537!3d50.68144937857465!2m3!1f0!2f0!3f0!3m2!1i1024!2i768!4f13.1!3m3!1m2!1s0x47dcd65e9353969d%3A0x62d64309f3a4f828!2sNordErgo+Cabinet+d&#39;Ergoth%C3%A9rapie!5e0!3m2!1sfr!2sfr!4v1552572778360\" width=\"600\" height=\"450\" frameborder=\"0\" style=\"border:0\" allowfullscreen><\/iframe> \n","protected":false},"excerpt":{"rendered":"<p>Cabinet de Lille 68 Rue de Wambrechies &#8211; Bat A- 59520 MARQUETTE LEZ LILLE D\u00e9velopp\u00e9 \u00e0 l&rsquo;initiative de notre \u00e9quipe, ce cabinet param\u00e9dical se veut accessible et \u00e0 l&rsquo;\u00e9coute de nos patients. Il se compose d&rsquo;une \u00e9quipe pluridisciplinaire = orthophoniste, ost\u00e9opathe, orthoptiste, psychologue, acupuncteur et ergoth\u00e9rapeutes. Il est facile d&rsquo;acc\u00e8s (juste \u00e0 la sortie de [&hellip;]<\/p>\n","protected":false},"author":1,"featured_media":40,"parent":0,"menu_order":0,"comment_status":"closed","ping_status":"closed","template":"","meta":{"footnotes":""},"class_list":["post-58","page","type-page","status-publish","has-post-thumbnail","hentry"],"_links":{"self":[{"href":"http:\/\/nordergo.fr\/index.php\/wp-json\/wp\/v2\/pages\/58","targetHints":{"allow":["GET"]}}],"collection":[{"href":"http:\/\/nordergo.fr\/index.php\/wp-json\/wp\/v2\/pages"}],"about":[{"href":"http:\/\/nordergo.fr\/index.php\/wp-json\/wp\/v2\/types\/page"}],"author":[{"embeddable":true,"href":"http:\/\/nordergo.fr\/index.php\/wp-json\/wp\/v2\/users\/1"}],"replies":[{"embeddable":true,"href":"http:\/\/nordergo.fr\/index.php\/wp-json\/wp\/v2\/comments?post=58"}],"version-history":[{"count":4,"href":"http:\/\/nordergo.fr\/index.php\/wp-json\/wp\/v2\/pages\/58\/revisions"}],"predecessor-version":[{"id":96,"href":"http:\/\/nordergo.fr\/index.php\/wp-json\/wp\/v2\/pages\/58\/revisions\/96"}],"wp:featuredmedia":[{"embeddable":true,"href":"http:\/\/nordergo.fr\/index.php\/wp-json\/wp\/v2\/media\/40"}],"wp:attachment":[{"href":"http:\/\/nordergo.fr\/index.php\/wp-json\/wp\/v2\/media?parent=58"}],"curies":[{"name":"wp","href":"https:\/\/api.w.org\/{rel}","templated":true}]}}